{"id":104,"date":"2013-03-01T13:43:30","date_gmt":"2013-03-01T11:43:30","guid":{"rendered":"http:\/\/www.karadenizoglu.com\/?page_id=104"},"modified":"2013-03-19T13:01:44","modified_gmt":"2013-03-19T11:01:44","slug":"iletisim","status":"publish","type":"page","link":"https:\/\/www.karadenizoglu.com\/?page_id=104","title":{"rendered":"\u0130leti\u015fim"},"content":{"rendered":"<p><strong>Nam\u0131k Kemal Mah. S\u00fct\u00e7\u00fc \u0130mam Cd. No:2\/7 \u00dcmraniye\/\u0130STANBUL \u00a0 \u00a0 \u00a0 \u00a0 \u00a0 \u00a0 \u00a0 \u00a0 \u00a0 \u00a0 \u00a0 \u00a0 \u00a0 \u00a0 \u00a0 \u00a0 \u00a0 \u00a0 \u00a0 \u00a0 \u00a0 \u00a0 \u00a0 \u00a0 \u00a0 Tel: 0216 4610523 \u00a0Fax: 0216 4437643 \u00a0 e-posta: info@karadenizoglu.com<\/strong><\/p>\n<p><a href=\"http:\/\/www.karadenizoglu.com\/wp-content\/uploads\/2013\/01\/Yeni-Resim-1.jpg\"><img loading=\"lazy\" class=\"aligncenter size-full wp-image-68\" alt=\"Yeni Resim (1)\" src=\"http:\/\/www.karadenizoglu.com\/wp-content\/uploads\/2013\/01\/Yeni-Resim-1.jpg\" width=\"1024\" height=\"640\" srcset=\"https:\/\/www.karadenizoglu.com\/wp-content\/uploads\/2013\/01\/Yeni-Resim-1.jpg 1024w, https:\/\/www.karadenizoglu.com\/wp-content\/uploads\/2013\/01\/Yeni-Resim-1-300x187.jpg 300w\" sizes=\"(max-width: 1024px) 100vw, 1024px\" \/><\/a><\/p>\n","protected":false},"excerpt":{"rendered":"<p>Nam\u0131k Kemal Mah. S\u00fct\u00e7\u00fc \u0130mam Cd. No:2\/7 \u00dcmraniye\/\u0130STANBUL \u00a0 \u00a0 \u00a0 \u00a0 \u00a0 \u00a0 \u00a0 \u00a0 \u00a0 \u00a0 \u00a0 \u00a0 \u00a0 \u00a0 \u00a0 \u00a0 \u00a0 \u00a0 \u00a0 \u00a0 \u00a0 \u00a0 <a class=\"more-link\" href=\"https:\/\/www.karadenizoglu.com\/?page_id=104\">Continue Reading &rarr;<\/a><\/p>\n","protected":false},"author":1,"featured_media":0,"parent":0,"menu_order":0,"comment_status":"open","ping_status":"open","template":"","meta":[],"_links":{"self":[{"href":"https:\/\/www.karadenizoglu.com\/index.php?rest_route=\/wp\/v2\/pages\/104"}],"collection":[{"href":"https:\/\/www.karadenizoglu.com\/index.php?rest_route=\/wp\/v2\/pages"}],"about":[{"href":"https:\/\/www.karadenizoglu.com\/index.php?rest_route=\/wp\/v2\/types\/page"}],"author":[{"embeddable":true,"href":"https:\/\/www.karadenizoglu.com\/index.php?rest_route=\/wp\/v2\/users\/1"}],"replies":[{"embeddable":true,"href":"https:\/\/www.karadenizoglu.com\/index.php?rest_route=%2Fwp%2Fv2%2Fcomments&post=104"}],"version-history":[{"count":40,"href":"https:\/\/www.karadenizoglu.com\/index.php?rest_route=\/wp\/v2\/pages\/104\/revisions"}],"predecessor-version":[{"id":107,"href":"https:\/\/www.karadenizoglu.com\/index.php?rest_route=\/wp\/v2\/pages\/104\/revisions\/107"}],"wp:attachment":[{"href":"https:\/\/www.karadenizoglu.com\/index.php?rest_route=%2Fwp%2Fv2%2Fmedia&parent=104"}],"curies":[{"name":"wp","href":"https:\/\/api.w.org\/{rel}","templated":true}]}}